{"id":79,"date":"2022-05-04T01:22:23","date_gmt":"2022-05-04T01:22:23","guid":{"rendered":"http:\/\/sovirina-audit.md\/?page_id=79"},"modified":"2023-04-29T19:25:06","modified_gmt":"2023-04-29T19:25:06","slug":"79-2","status":"publish","type":"page","link":"http:\/\/sovirina-audit.md\/","title":{"rendered":""},"content":{"rendered":"\n<div class=\"wp-block-group alignfull gutena-pattern is-style-gutena-box-shadow is-layout-flow wp-block-group-is-layout-flow\">\n<div class=\"wp-block-cover\"><span aria-hidden=\"true\" class=\"wp-block-cover__background has-background-dim-90 has-background-dim\" style=\"background-color:#0f1b37\"><\/span><img loading=\"lazy\" decoding=\"async\" width=\"1920\" height=\"1280\" class=\"wp-block-cover__image-background wp-image-11\" alt=\"\" src=\"http:\/\/sovirina-audit.md\/wp-content\/uploads\/2022\/05\/1453920.jpg\" style=\"object-position:49% 100%\" data-object-fit=\"cover\" data-object-position=\"49% 100%\" srcset=\"http:\/\/sovirina-audit.md\/wp-content\/uploads\/2022\/05\/1453920.jpg 1920w, http:\/\/sovirina-audit.md\/wp-content\/uploads\/2022\/05\/1453920-300x200.jpg 300w, http:\/\/sovirina-audit.md\/wp-content\/uploads\/2022\/05\/1453920-1024x683.jpg 1024w, http:\/\/sovirina-audit.md\/wp-content\/uploads\/2022\/05\/1453920-768x512.jpg 768w, http:\/\/sovirina-audit.md\/wp-content\/uploads\/2022\/05\/1453920-1536x1024.jpg 1536w\" sizes=\"auto, (max-width: 1920px) 100vw, 1920px\" \/><div class=\"wp-block-cover__inner-container is-layout-flow wp-block-cover-is-layout-flow\">\n<div class=\"wp-block-group is-layout-flow wp-block-group-is-layout-flow\" style=\"padding-top:100px\">\n<h2 class=\"wp-block-heading has-text-align-center has-white-color has-text-color has-medium-large-font-size\" id=\"the-modern-wayto-build-for-web\" style=\"margin-top:0px;margin-right:0px;margin-bottom:0px;margin-left:0px;font-style:normal;font-weight:700;line-height:1.2\">Servicii profesionale de audit<br>din 2003<\/h2>\n\n\n\n<div class=\"wp-block-group is-layout-flow wp-block-group-is-layout-flow\" style=\"padding-top:30px;padding-bottom:50px\">\n<p class=\"has-text-align-center has-white-color has-text-color has-normal-font-size\" style=\"line-height:1.9\">Auditul impozitelor, asisten\u0163\u0103 \u00een calcularea corect\u0103 a impozitelor, planificarea \u015fi optimizarea lor<\/p>\n<\/div>\n\n\n\n<div class=\"wp-block-buttons is-content-justification-center is-layout-flex wp-container-core-buttons-is-layout-a89b3969 wp-block-buttons-is-layout-flex\">\n<div class=\"wp-block-button has-custom-font-size be-cover-button is-style-fill has-system-font-font-family\" style=\"font-size:14px\"><a class=\"wp-block-button__link has-luminous-vivid-orange-background-color has-background wp-element-button\" href=\"#services\" style=\"border-radius:50px;padding-top:15px;padding-right:20px;padding-bottom:15px;padding-left:20px\">Vezi toate<\/a><\/div>\n<\/div>\n\n\n\n<div class=\"wp-block-group is-layout-flow wp-block-group-is-layout-flow\" style=\"padding-top:100px\">\n<figure class=\"wp-block-image aligncenter size-large\"><img decoding=\"async\" src=\"http:\/\/sovirina-audit.md\/wp-content\/themes\/gutena\/assets\/img\/icons\/arrow-down-big.svg\" alt=\"arrow-down\" class=\"wp-image-1596\"\/><\/figure>\n<\/div>\n<\/div>\n<\/div><\/div>\n<\/div>\n\n\n\n<p><\/p>\n\n\n\n<h3 class=\"wp-block-heading has-text-align-center\" style=\"margin-top:40px;margin-bottom:40px;font-style:normal;font-weight:400\"> Despre noi<\/h3>\n\n\n\n<p>Compania de audit &#171;SOVIRINA-AUDIT&#187; S.R.L., cu sediul \u00een mun. Chi\u015fin\u0103u, str. P. Rares, 36, of.&nbsp;145.<\/p>\n\n\n\n<p>Certificatul de \u00eenregistrare al companiei de audit &#171;SOVIRINA-AUDIT&#187; S.R.L. nr. 1003600015345 din 10.02.2003, seria MD 0036966, a fost eliberat de c\u0103tre Camera \u00cenregistr\u0103rii de Stat pe l\u00e2ng\u0103 Ministerul Justi\u0163iei al Republicii Moldova.<\/p>\n\n\n\n<p>\u00cenregistrata \u00een Registrul de stat al societ\u0103\u021bilor de audit cu nr.1903056.<\/p>\n\n\n\n<p>Fondatorii companiei sunt 2 persoane fizice. Num\u0103rul angaja\u0163ilor companiei \u2013 6 persoane, din care 2 auditori certifica\u021bi.<\/p>\n\n\n\n<p>Contul bancar curent nr. MD54EN000000222433582893 a fost deschis \u00een BC \u201cENERGBANK\u201d SA fil. Buiucani din mun. Chisinau.<\/p>\n\n\n\n<p>Directorul companiei de audit &nbsp;&#171;SOVIRINA-AUDIT&#187; S.R.L. &#8212;&nbsp; Zaharcenco Irina, auditor certificat (certificat pentru auditul general AG 000040 din 08.02.2008), de\u0163in\u0103tor al diplomei <strong>ACCA privind Raportarea financiar\u0103 interna\u0163ional\u0103 \u201eDipIFR Russian\u201d<\/strong> (The ACCA Diploma in International Financial Reporting \u201eDipIFR-Russian\u201d) (nr. 1638048 din 06 decembrie 2007) \u015fi al Certificatului international <strong>CAP \u201eCertified Accounting Practitioner\u201d <\/strong>&nbsp;\u2116 0002219 \u043e\u0442 15.08.2004\u0433.<\/p>\n\n\n\n<p>Auditorul companiei \u2013 Mansurov Maxim, auditor certificat (certificat pentru auditul general&nbsp; AG 000198 din 08.02.2008); de\u0163in\u0103tor al diplomei <strong>ACCA privind Raportarea financiar\u0103 interna\u0163ional\u0103 \u201eDipIFR Russian\u201d<\/strong> (The ACCA Diploma in International Financial Reporting \u201eDipIFR-Russian\u201d) \u2116 1823039 &nbsp;din iunie 2015 \u015fi al Certificatului international <strong>CAP \u201eCertified Accounting Practitioner\u201d<\/strong> \u2116 0007842 \u043e\u0442 15.12.2007 \u0433.<\/p>\n\n\n\n<p>To\u021bi auditorii companiei de\u021bin competen\u021be \u00een domeniul Standardelor Interna\u021bionale de Audit (SIA), Standardelor Interna\u021bionale de Raportare Financiar\u0103 (SIRF \u0219i SIC), Standardelor Na\u021bionale de Contabilitate \u00een vigoare de la 1 ianuarie 2020.<\/p>\n\n\n\n<p>Num\u0103rul de asisten\u0163i ai auditorului companiei de audit \u201eSovirina-audit\u201d SRL \u2013 4 persoane, dintre care 3 persoane au audiat cursurile de instruire \u00een domeniul Standardelor Na\u021bionale de Contabilitate \u00een vigoare de la 1 ianuarie 2020.<\/p>\n\n\n\n<div class=\"wp-block-kadence-spacer aligncenter kt-block-spacer-_5b995c-91\"><div class=\"kt-block-spacer kt-block-spacer-halign-center\"><hr class=\"kt-divider\"\/><\/div><\/div>\n\n\n\n<h3 class=\"wp-block-heading has-text-align-center\" style=\"margin-top:0px;margin-bottom:40px;font-style:normal;font-weight:400\">Certificate<\/h3>\n\n\n\n<div data-wp-interactive=\"core\/file\" class=\"wp-block-file\"><object data-wp-bind--hidden=\"!state.hasPdfPreview\" hidden class=\"wp-block-file__embed\" data=\"http:\/\/sovirina-audit.md\/wp-content\/uploads\/2022\/05\/Scan_0004.pdf\" type=\"application\/pdf\" style=\"width:100%;height:600px\" aria-label=\"\u0412\u0441\u0442\u0440\u043e\u0435\u043d\u043d\u044b\u0439 PDF\"><\/object><\/div>\n\n\n\n<div class=\"wp-block-kadence-spacer aligncenter kt-block-spacer-_e6007c-01\"><div class=\"kt-block-spacer kt-block-spacer-halign-center\"><hr class=\"kt-divider\"\/><\/div><\/div>\n\n\n\n<h3 class=\"wp-block-heading has-text-align-center\" id=\"services\" style=\"margin-top:0px;margin-bottom:40px;font-style:normal;font-weight:400\">Servicii<\/h3>\n\n\n\n<p class=\"has-black-color has-text-color\"><strong>Compania de Audit &#171;SOVIRINA-AUDIT&#187; S.R.L. propune agen\u0163ilor&nbsp;economici urm\u0103torul spectru de servicii:<\/strong><\/p>\n\n\n\n<ul class=\"wp-block-list\">\n<li>Verificare de audit trimestrial\u0103 cu eliberarea concluziilor de audit;<\/li>\n\n\n\n<li>Confirmarea rapoartelor financiare cu eliberarea concluziei de audit;<\/li>\n\n\n\n<li>Auditul impozitelor;<\/li>\n\n\n\n<li>Asisten\u0163\u0103 \u00een calcularea corect\u0103 a impozitelor, planificarea \u015fi optimizarea lor;<\/li>\n\n\n\n<li>Elaborarea recomand\u0103rilor practice necesare pentru \u00eendeplinirea Declara\u0163iei&nbsp; cu privire la impozitul pe venit VEN12, \u0163in\u00e2nd cont de specificul fiec\u0103rei \u00eentreprinderi.<\/li>\n\n\n\n<li>Tranzi\u021bia la Planul general de conturi contabile \u0219i Standardele Na\u021bionale de Contabilitate, \u00een vigoare de la 01.01.2020 \u0219i consulta\u021bii de aplicare a acestora.<\/li>\n\n\n\n<li>Suport \u00een procesul elabor\u0103rii politicilor contabile \u00een conformitate cu&nbsp; Standardele Na\u021bionale de Contabilitate, \u00een vigoare de la 01.01.2020.<\/li>\n\n\n\n<li>Analiza detaliat\u0103 a factorilor&nbsp; ce influen\u0163eaz\u0103 activitatea economico \u2013 financiar\u0103 a \u00eentreprinderii;<\/li>\n\n\n\n<li>Evaluare de audit \u015fi planificarea tranzac\u0163iilor;<\/li>\n\n\n\n<li>Elaborarea politicii de contabilitate;<\/li>\n\n\n\n<li>\u00centocmirea rapoartelor financiare \u015fi a declara\u0163iilor fiscale;<\/li>\n\n\n\n<li>\u0162inerea eviden\u0163ei contabile automatizate, \u00eentocmirea rapoartelor financiare \u015fi fiscale \u015fi prezentarea acestora organelor statale abilitate.<\/li>\n\n\n\n<li>Restabilirea \u015fi optimizarea eviden\u0163ei contabile;<\/li>\n\n\n\n<li>Consulta\u0163ii contabile, fiscale;<\/li>\n\n\n\n<li>Confirmarea capitalului statutar al \u00eentreprinderii;<\/li>\n\n\n\n<li>Ap\u0103rarea intereselor clientului \u00een litigiile ap\u0103rute cu organele fiscale.<\/li>\n<\/ul>\n\n\n\n<div class=\"wp-block-kadence-spacer aligncenter kt-block-spacer-_1564fb-f1\"><div class=\"kt-block-spacer kt-block-spacer-halign-center\"><hr class=\"kt-divider\"\/><\/div><\/div>\n","protected":false},"excerpt":{"rendered":"<p>Despre noi Compania de audit &#171;SOVIRINA-AUDIT&#187; S.R.L., cu sediul \u00een mun. Chi\u015fin\u0103u, str. P. Rares, 36, of.&nbsp;145. Certificatul de \u00eenregistrare [&hellip;]<\/p>\n","protected":false},"author":1,"featured_media":0,"parent":0,"menu_order":0,"comment_status":"closed","ping_status":"closed","template":"","meta":{"_uag_custom_page_level_css":"","footnotes":""},"class_list":["post-79","page","type-page","status-publish","hentry"],"uagb_featured_image_src":{"full":false,"thumbnail":false,"medium":false,"medium_large":false,"large":false,"1536x1536":false,"2048x2048":false},"uagb_author_info":{"display_name":"admin","author_link":"http:\/\/sovirina-audit.md\/index.php\/author\/admin\/"},"uagb_comment_info":0,"uagb_excerpt":"Despre noi Compania de audit &#171;SOVIRINA-AUDIT&#187; S.R.L., cu sediul \u00een mun. Chi\u015fin\u0103u, str. P. Rares, 36, of.&nbsp;145. Certificatul de \u00eenregistrare [&hellip;]","_links":{"self":[{"href":"http:\/\/sovirina-audit.md\/index.php\/wp-json\/wp\/v2\/pages\/79","targetHints":{"allow":["GET"]}}],"collection":[{"href":"http:\/\/sovirina-audit.md\/index.php\/wp-json\/wp\/v2\/pages"}],"about":[{"href":"http:\/\/sovirina-audit.md\/index.php\/wp-json\/wp\/v2\/types\/page"}],"author":[{"embeddable":true,"href":"http:\/\/sovirina-audit.md\/index.php\/wp-json\/wp\/v2\/users\/1"}],"replies":[{"embeddable":true,"href":"http:\/\/sovirina-audit.md\/index.php\/wp-json\/wp\/v2\/comments?post=79"}],"version-history":[{"count":4,"href":"http:\/\/sovirina-audit.md\/index.php\/wp-json\/wp\/v2\/pages\/79\/revisions"}],"predecessor-version":[{"id":169,"href":"http:\/\/sovirina-audit.md\/index.php\/wp-json\/wp\/v2\/pages\/79\/revisions\/169"}],"wp:attachment":[{"href":"http:\/\/sovirina-audit.md\/index.php\/wp-json\/wp\/v2\/media?parent=79"}],"curies":[{"name":"wp","href":"https:\/\/api.w.org\/{rel}","templated":true}]}}